{"id":835,"date":"2025-04-09T14:47:02","date_gmt":"2025-04-09T17:47:02","guid":{"rendered":"https:\/\/www.essek.com.br\/loja\/?post_type=product&#038;p=835"},"modified":"2025-10-17T11:07:20","modified_gmt":"2025-10-17T14:07:20","slug":"suporte-split-600mm-aco-reforcado-com-mao-francesa-ate-80000btu","status":"publish","type":"product","link":"https:\/\/www.essek.com.br\/loja\/produto\/suporte-split-600mm-aco-reforcado-com-mao-francesa-ate-80000btu\/","title":{"rendered":"Suporte Split 600Mm A\u00e7o Refor\u00e7ado Com M\u00e3o Francesa &#8211; At\u00e9 80000Btu"},"content":{"rendered":"<p>Suporte Split 600Mm A\u00e7o Refor\u00e7ado Com M\u00e3o Francesa &#8211; At\u00e9 80000Btu<\/p>\n","protected":false},"excerpt":{"rendered":"<p>Suporte Split 600Mm A\u00e7o Refor\u00e7ado Com M\u00e3o Francesa &#8211; At\u00e9 80000Btu<\/p>\n","protected":false},"featured_media":3298,"comment_status":"open","ping_status":"closed","template":"","meta":[],"product_brand":[],"product_cat":[157,28],"product_tag":[],"class_list":{"0":"post-835","1":"product","2":"type-product","3":"status-publish","4":"has-post-thumbnail","6":"product_cat-suporte","7":"product_cat-ar-condicionado","9":"first","10":"instock","11":"shipping-taxable","12":"purchasable","13":"product-type-simple"},"yoast_head":"<!-- This site is optimized with the Yoast SEO Premium plugin v24.1 (Yoast SEO v24.3) - https:\/\/yoast.com\/wordpress\/plugins\/seo\/ -->\n<title>Suporte Split 600Mm A\u00e7o Refor\u00e7ado Com M\u00e3o Francesa - At\u00e9 80000Btu - Essek - Importadora e Exportadora de produtos de qualidade<\/title>\n<meta name=\"description\" content=\"SUPORTE SPLIT 600MM A\u00c7O REFOR\u00c7ADO COM M\u00c3O FRANCESA - AT\u00c9 80000BTU\" \/>\n<meta name=\"robots\" content=\"index, follow, max-snippet:-1, max-image-preview:large, max-video-preview:-1\" \/>\n<link rel=\"canonical\" href=\"https:\/\/www.essek.com.br\/loja\/produto\/suporte-split-600mm-aco-reforcado-com-mao-francesa-ate-80000btu\/\" \/>\n<meta property=\"og:locale\" content=\"pt_BR\" \/>\n<meta property=\"og:type\" content=\"article\" \/>\n<meta property=\"og:title\" content=\"Suporte Split 600Mm A\u00e7o Refor\u00e7ado Com M\u00e3o Francesa - At\u00e9 80000Btu\" \/>\n<meta property=\"og:description\" content=\"SUPORTE SPLIT 600MM A\u00c7O REFOR\u00c7ADO COM M\u00c3O FRANCESA - AT\u00c9 80000BTU\" \/>\n<meta property=\"og:url\" content=\"https:\/\/www.essek.com.br\/loja\/produto\/suporte-split-600mm-aco-reforcado-com-mao-francesa-ate-80000btu\/\" \/>\n<meta property=\"og:site_name\" content=\"Essek - Importadora e Exportadora de produtos de qualidade\" \/>\n<meta property=\"article:modified_time\" content=\"2025-10-17T14:07:20+00:00\" \/>\n<meta property=\"og:image\" content=\"https:\/\/www.essek.com.br\/loja\/wp-content\/uploads\/2025\/04\/SUPORTE600REFORCADO.jpg\" \/>\n\t<meta property=\"og:image:width\" content=\"547\" \/>\n\t<meta property=\"og:image:height\" content=\"509\" \/>\n\t<meta property=\"og:image:type\" content=\"image\/jpeg\" \/>\n<meta name=\"twitter:card\" content=\"summary_large_image\" \/>\n<meta name=\"twitter:label1\" content=\"Est. tempo de leitura\" \/>\n\t<meta name=\"twitter:data1\" content=\"1 minuto\" \/>\n<script type=\"application\/ld+json\" class=\"yoast-schema-graph\">{\"@context\":\"https:\/\/schema.org\",\"@graph\":[{\"@type\":\"WebPage\",\"@id\":\"https:\/\/www.essek.com.br\/loja\/produto\/suporte-split-600mm-aco-reforcado-com-mao-francesa-ate-80000btu\/\",\"url\":\"https:\/\/www.essek.com.br\/loja\/produto\/suporte-split-600mm-aco-reforcado-com-mao-francesa-ate-80000btu\/\",\"name\":\"Suporte Split 600Mm A\u00e7o Refor\u00e7ado Com M\u00e3o Francesa - At\u00e9 80000Btu - Essek - Importadora e Exportadora de produtos de qualidade\",\"isPartOf\":{\"@id\":\"https:\/\/www.essek.com.br\/loja\/#website\"},\"primaryImageOfPage\":{\"@id\":\"https:\/\/www.essek.com.br\/loja\/produto\/suporte-split-600mm-aco-reforcado-com-mao-francesa-ate-80000btu\/#primaryimage\"},\"image\":{\"@id\":\"https:\/\/www.essek.com.br\/loja\/produto\/suporte-split-600mm-aco-reforcado-com-mao-francesa-ate-80000btu\/#primaryimage\"},\"thumbnailUrl\":\"https:\/\/www.essek.com.br\/loja\/wp-content\/uploads\/2025\/04\/SUPORTE600REFORCADO.jpg\",\"datePublished\":\"2025-04-09T17:47:02+00:00\",\"dateModified\":\"2025-10-17T14:07:20+00:00\",\"description\":\"SUPORTE SPLIT 600MM A\u00c7O REFOR\u00c7ADO COM M\u00c3O FRANCESA - AT\u00c9 80000BTU\",\"breadcrumb\":{\"@id\":\"https:\/\/www.essek.com.br\/loja\/produto\/suporte-split-600mm-aco-reforcado-com-mao-francesa-ate-80000btu\/#breadcrumb\"},\"inLanguage\":\"pt-BR\",\"potentialAction\":[{\"@type\":\"ReadAction\",\"target\":[\"https:\/\/www.essek.com.br\/loja\/produto\/suporte-split-600mm-aco-reforcado-com-mao-francesa-ate-80000btu\/\"]}]},{\"@type\":\"ImageObject\",\"inLanguage\":\"pt-BR\",\"@id\":\"https:\/\/www.essek.com.br\/loja\/produto\/suporte-split-600mm-aco-reforcado-com-mao-francesa-ate-80000btu\/#primaryimage\",\"url\":\"https:\/\/www.essek.com.br\/loja\/wp-content\/uploads\/2025\/04\/SUPORTE600REFORCADO.jpg\",\"contentUrl\":\"https:\/\/www.essek.com.br\/loja\/wp-content\/uploads\/2025\/04\/SUPORTE600REFORCADO.jpg\",\"width\":547,\"height\":509},{\"@type\":\"BreadcrumbList\",\"@id\":\"https:\/\/www.essek.com.br\/loja\/produto\/suporte-split-600mm-aco-reforcado-com-mao-francesa-ate-80000btu\/#breadcrumb\",\"itemListElement\":[{\"@type\":\"ListItem\",\"position\":1,\"name\":\"In\u00edcio\",\"item\":\"https:\/\/www.essek.com.br\/loja\/\"},{\"@type\":\"ListItem\",\"position\":2,\"name\":\"Shop\",\"item\":\"https:\/\/www.essek.com.br\/loja\/shop\/\"},{\"@type\":\"ListItem\",\"position\":3,\"name\":\"Suporte Split 600Mm A\u00e7o Refor\u00e7ado Com M\u00e3o Francesa &#8211; At\u00e9 80000Btu\"}]},{\"@type\":\"WebSite\",\"@id\":\"https:\/\/www.essek.com.br\/loja\/#website\",\"url\":\"https:\/\/www.essek.com.br\/loja\/\",\"name\":\"Essek - Importadora e Exportadora de produtos de qualidade\",\"description\":\"Importadora e Exportadora de produtos de qualidade\",\"publisher\":{\"@id\":\"https:\/\/www.essek.com.br\/loja\/#organization\"},\"alternateName\":\"Essek\",\"potentialAction\":[{\"@type\":\"SearchAction\",\"target\":{\"@type\":\"EntryPoint\",\"urlTemplate\":\"https:\/\/www.essek.com.br\/loja\/?s={search_term_string}\"},\"query-input\":{\"@type\":\"PropertyValueSpecification\",\"valueRequired\":true,\"valueName\":\"search_term_string\"}}],\"inLanguage\":\"pt-BR\"},{\"@type\":\"Organization\",\"@id\":\"https:\/\/www.essek.com.br\/loja\/#organization\",\"name\":\"Essek - Importadora e Exportadora de produtos de qualidade\",\"alternateName\":\"Essek\",\"url\":\"https:\/\/www.essek.com.br\/loja\/\",\"logo\":{\"@type\":\"ImageObject\",\"inLanguage\":\"pt-BR\",\"@id\":\"https:\/\/www.essek.com.br\/loja\/#\/schema\/logo\/image\/\",\"url\":\"https:\/\/www.essek.com.br\/loja\/wp-content\/uploads\/2025\/01\/Group-205.png\",\"contentUrl\":\"https:\/\/www.essek.com.br\/loja\/wp-content\/uploads\/2025\/01\/Group-205.png\",\"width\":717,\"height\":571,\"caption\":\"Essek - Importadora e Exportadora de produtos de qualidade\"},\"image\":{\"@id\":\"https:\/\/www.essek.com.br\/loja\/#\/schema\/logo\/image\/\"},\"sameAs\":[\"https:\/\/www.instagram.com\/essekcomercial\/\",\"https:\/\/www.linkedin.com\/company\/essek-comercial\"]}]}<\/script>\n<!-- \/ Yoast SEO Premium plugin. -->","yoast_head_json":{"title":"Suporte Split 600Mm A\u00e7o Refor\u00e7ado Com M\u00e3o Francesa - At\u00e9 80000Btu - Essek - Importadora e Exportadora de produtos de qualidade","description":"SUPORTE SPLIT 600MM A\u00c7O REFOR\u00c7ADO COM M\u00c3O FRANCESA - AT\u00c9 80000BTU","robots":{"index":"index","follow":"follow","max-snippet":"max-snippet:-1","max-image-preview":"max-image-preview:large","max-video-preview":"max-video-preview:-1"},"canonical":"https:\/\/www.essek.com.br\/loja\/produto\/suporte-split-600mm-aco-reforcado-com-mao-francesa-ate-80000btu\/","og_locale":"pt_BR","og_type":"article","og_title":"Suporte Split 600Mm A\u00e7o Refor\u00e7ado Com M\u00e3o Francesa - At\u00e9 80000Btu","og_description":"SUPORTE SPLIT 600MM A\u00c7O REFOR\u00c7ADO COM M\u00c3O FRANCESA - AT\u00c9 80000BTU","og_url":"https:\/\/www.essek.com.br\/loja\/produto\/suporte-split-600mm-aco-reforcado-com-mao-francesa-ate-80000btu\/","og_site_name":"Essek - Importadora e Exportadora de produtos de qualidade","article_modified_time":"2025-10-17T14:07:20+00:00","og_image":[{"width":547,"height":509,"url":"https:\/\/www.essek.com.br\/loja\/wp-content\/uploads\/2025\/04\/SUPORTE600REFORCADO.jpg","type":"image\/jpeg"}],"twitter_card":"summary_large_image","twitter_misc":{"Est. tempo de leitura":"1 minuto"},"schema":{"@context":"https:\/\/schema.org","@graph":[{"@type":"WebPage","@id":"https:\/\/www.essek.com.br\/loja\/produto\/suporte-split-600mm-aco-reforcado-com-mao-francesa-ate-80000btu\/","url":"https:\/\/www.essek.com.br\/loja\/produto\/suporte-split-600mm-aco-reforcado-com-mao-francesa-ate-80000btu\/","name":"Suporte Split 600Mm A\u00e7o Refor\u00e7ado Com M\u00e3o Francesa - At\u00e9 80000Btu - Essek - Importadora e Exportadora de produtos de qualidade","isPartOf":{"@id":"https:\/\/www.essek.com.br\/loja\/#website"},"primaryImageOfPage":{"@id":"https:\/\/www.essek.com.br\/loja\/produto\/suporte-split-600mm-aco-reforcado-com-mao-francesa-ate-80000btu\/#primaryimage"},"image":{"@id":"https:\/\/www.essek.com.br\/loja\/produto\/suporte-split-600mm-aco-reforcado-com-mao-francesa-ate-80000btu\/#primaryimage"},"thumbnailUrl":"https:\/\/www.essek.com.br\/loja\/wp-content\/uploads\/2025\/04\/SUPORTE600REFORCADO.jpg","datePublished":"2025-04-09T17:47:02+00:00","dateModified":"2025-10-17T14:07:20+00:00","description":"SUPORTE SPLIT 600MM A\u00c7O REFOR\u00c7ADO COM M\u00c3O FRANCESA - AT\u00c9 80000BTU","breadcrumb":{"@id":"https:\/\/www.essek.com.br\/loja\/produto\/suporte-split-600mm-aco-reforcado-com-mao-francesa-ate-80000btu\/#breadcrumb"},"inLanguage":"pt-BR","potentialAction":[{"@type":"ReadAction","target":["https:\/\/www.essek.com.br\/loja\/produto\/suporte-split-600mm-aco-reforcado-com-mao-francesa-ate-80000btu\/"]}]},{"@type":"ImageObject","inLanguage":"pt-BR","@id":"https:\/\/www.essek.com.br\/loja\/produto\/suporte-split-600mm-aco-reforcado-com-mao-francesa-ate-80000btu\/#primaryimage","url":"https:\/\/www.essek.com.br\/loja\/wp-content\/uploads\/2025\/04\/SUPORTE600REFORCADO.jpg","contentUrl":"https:\/\/www.essek.com.br\/loja\/wp-content\/uploads\/2025\/04\/SUPORTE600REFORCADO.jpg","width":547,"height":509},{"@type":"BreadcrumbList","@id":"https:\/\/www.essek.com.br\/loja\/produto\/suporte-split-600mm-aco-reforcado-com-mao-francesa-ate-80000btu\/#breadcrumb","itemListElement":[{"@type":"ListItem","position":1,"name":"In\u00edcio","item":"https:\/\/www.essek.com.br\/loja\/"},{"@type":"ListItem","position":2,"name":"Shop","item":"https:\/\/www.essek.com.br\/loja\/shop\/"},{"@type":"ListItem","position":3,"name":"Suporte Split 600Mm A\u00e7o Refor\u00e7ado Com M\u00e3o Francesa &#8211; At\u00e9 80000Btu"}]},{"@type":"WebSite","@id":"https:\/\/www.essek.com.br\/loja\/#website","url":"https:\/\/www.essek.com.br\/loja\/","name":"Essek - Importadora e Exportadora de produtos de qualidade","description":"Importadora e Exportadora de produtos de qualidade","publisher":{"@id":"https:\/\/www.essek.com.br\/loja\/#organization"},"alternateName":"Essek","potentialAction":[{"@type":"SearchAction","target":{"@type":"EntryPoint","urlTemplate":"https:\/\/www.essek.com.br\/loja\/?s={search_term_string}"},"query-input":{"@type":"PropertyValueSpecification","valueRequired":true,"valueName":"search_term_string"}}],"inLanguage":"pt-BR"},{"@type":"Organization","@id":"https:\/\/www.essek.com.br\/loja\/#organization","name":"Essek - Importadora e Exportadora de produtos de qualidade","alternateName":"Essek","url":"https:\/\/www.essek.com.br\/loja\/","logo":{"@type":"ImageObject","inLanguage":"pt-BR","@id":"https:\/\/www.essek.com.br\/loja\/#\/schema\/logo\/image\/","url":"https:\/\/www.essek.com.br\/loja\/wp-content\/uploads\/2025\/01\/Group-205.png","contentUrl":"https:\/\/www.essek.com.br\/loja\/wp-content\/uploads\/2025\/01\/Group-205.png","width":717,"height":571,"caption":"Essek - Importadora e Exportadora de produtos de qualidade"},"image":{"@id":"https:\/\/www.essek.com.br\/loja\/#\/schema\/logo\/image\/"},"sameAs":["https:\/\/www.instagram.com\/essekcomercial\/","https:\/\/www.linkedin.com\/company\/essek-comercial"]}]}},"_links":{"self":[{"href":"https:\/\/www.essek.com.br\/loja\/wp-json\/wp\/v2\/product\/835","targetHints":{"allow":["GET"]}}],"collection":[{"href":"https:\/\/www.essek.com.br\/loja\/wp-json\/wp\/v2\/product"}],"about":[{"href":"https:\/\/www.essek.com.br\/loja\/wp-json\/wp\/v2\/types\/product"}],"replies":[{"embeddable":true,"href":"https:\/\/www.essek.com.br\/loja\/wp-json\/wp\/v2\/comments?post=835"}],"version-history":[{"count":3,"href":"https:\/\/www.essek.com.br\/loja\/wp-json\/wp\/v2\/product\/835\/revisions"}],"predecessor-version":[{"id":3380,"href":"https:\/\/www.essek.com.br\/loja\/wp-json\/wp\/v2\/product\/835\/revisions\/3380"}],"wp:featuredmedia":[{"embeddable":true,"href":"https:\/\/www.essek.com.br\/loja\/wp-json\/wp\/v2\/media\/3298"}],"wp:attachment":[{"href":"https:\/\/www.essek.com.br\/loja\/wp-json\/wp\/v2\/media?parent=835"}],"wp:term":[{"taxonomy":"product_brand","embeddable":true,"href":"https:\/\/www.essek.com.br\/loja\/wp-json\/wp\/v2\/product_brand?post=835"},{"taxonomy":"product_cat","embeddable":true,"href":"https:\/\/www.essek.com.br\/loja\/wp-json\/wp\/v2\/product_cat?post=835"},{"taxonomy":"product_tag","embeddable":true,"href":"https:\/\/www.essek.com.br\/loja\/wp-json\/wp\/v2\/product_tag?post=835"}],"curies":[{"name":"wp","href":"https:\/\/api.w.org\/{rel}","templated":true}]}}