{"id":3660,"date":"2025-11-05T15:14:25","date_gmt":"2025-11-05T18:14:25","guid":{"rendered":"https:\/\/www.essek.com.br\/loja\/?post_type=product&#038;p=3660"},"modified":"2026-01-22T15:24:52","modified_gmt":"2026-01-22T18:24:52","slug":"damper-termostatico-para-refrigeradores-brast-con-brm-crm-326050056-termostato","status":"publish","type":"product","link":"https:\/\/www.essek.com.br\/loja\/produto\/damper-termostatico-para-refrigeradores-brast-con-brm-crm-326050056-termostato\/","title":{"rendered":"Damper Termost\u00e1tico para Refrigeradores Compat\u00edvel Modelos BRM CRM &#8211; Brastemp\/Consul &#8211; Termostato Mec\u00e2nico 326050056"},"content":{"rendered":"<p><strong>Damper Termost\u00e1tico para Refrigeradores Brastemp \/ Consul &#8211; Termostato Mec\u00e2nico 326050056<\/strong><\/p>\n<p><strong>Modelos Compat\u00edveis:\u00a0<\/strong><\/p>\n<p>BRG43ABANA, BRG43ABBNA, BRG43ACANA, BRG43ACBNA, BRG43BBANA, BRG43BBBNA, BRG44ABANA, BRG44ABBNA, BRG44BBANA, BRG44BBBNA, BRJ49BBANA, BRJ49BBBNA, BRK42ABANA, BRK42ABBNA, BRK50NBANA, BRK50NBBNA, BRK50NDANA, BRK50NDBNA, BRK50NGANA, BRK50NGBNA, BRK50NMANA, BRK50NMBNA, BRK50NPANA, BRK50NPBNA, BRK50NRANA, BRK50NRBNA, BRM32ABANA, BRM32ABBNA, BRM33ABANA, BRM33ABBNA, BRM33ACANA, BRM33ACBNA, BRM33BBANA, BRM33BBBNA, BRM33BCANA, BRM33BCBNA, BRM33CBANA, BRM33CBBNA, BRM33CCANA, BRM33CCBNA, BRM34ABANA, BRM34ABBNA, BRM34ACANA, BRM34ACBNA, BRM34BBANA, BRM34BBBNA, BRM34BCANA, BRM34BCBNA, BRM35ABANA, BRM35ABBNA, BRM35BBANA, BRM35BBBNA, BRM35BRANA, BRM35BRBNA, BRM36DBANA, BRM36DBBNA, BRM36EBANA, BRM36EBBNA, BRM36EGANA, BRM36EGBNA, BRM36ERANA, BRM36ERBNA, BRM36EVANA, BRM36EVBNA, BRM36EZANA, BRM36EZBNA, BRM37ABANA, BRM37ABBNA, BRM37ACANA, BRM37ACBNA, BRM37BBANA, BRM37BBBNA, BRM37BCANA, BRM37BCBNA, BRM38ABANA, BRM38ABBNA, BRM38ACANA, BRM38ACBNA, BRM38BBANA, BRM38BBBNA, BRM38BCANA, BRM38BCBNA, BRM39BBANA, BRM39BBBNA, BRM40DBANA, BRM40DBBNA, BRM40EBANA, BRM40EBBNA, BRM40ESANA, BRM40ESBNA, BRM41ABANA, BRM41ABBNA, BRM41BBANA, BRM41BBBNA, BRM43ABANA, BRM43ABBNA, BRM43ABZIG, BRM43ACANA, BRM43ACBNA, BRM43BBANA, BRM43BBBNA, BRM43BCANA, BRM43BCBNA, BRM43PSANA, BRM43PSBNA, BRM43XRANA, BRM43XRBNA, BRM44ABANA, BRM44ACANA, BRM44ACBNA, BRM44BBANA, BRM44BBBNA, BRM44BCANA, BRM44BCBNA, BRM44DBANA, BRM44DBBNA, BRM44EBANA, BRM44EBBNA, BRM44ERANA, BRM44ERBNA, BRM44LQANA, BRM44LQBNA, BRM44PSANA, BRM44PSBNA, BRM44QSANA, BRM44QSBNA, BRM44XRANA, BRM44XRBNA, BRM44YRANA, BRM44YRBNA, BRM44ZRANA, BRM44ZRBNA, BRM47ABANA, BRM47ABBNA, BRM47ARANA, BRM47ARBNA, BRM47BBANA, BRM47BBBNA, BRM47BRANA, BRM47BRBNA, BRM47GBANA, BRM47GBBNA, BRM47GKANA, BRM47GKBNA, BRM48DBANA, BRM48DBBNA, BRM48DX1NA, BRM48DX2NA, BRM48NBANA, BRM48NBBNA, BRM49BBANA, BRM49BBBNA, BRM49BRANA, BRM49BRBNA, BRM49EBANA, BRM49EBBNA, BRM49GBANA, BRM49GBBNA, BRM49GKANA, BRM49GKBNA, BRM50NBANA, BRM50NBBNA, BRM50NDANA, BRM50NDBNA, BRM50NGANA, BRM50NGBNA, BRM50NMANA, BRM50NMBNA, BRM50NPANA, BRM50NPBNA, BRM50NRANA, BRM50NRBNA, BRM50NX1NA, BRM50NX2NA, BRN43ABANA, BRN43ABBNA, BRN43ACANA, BRN43ACBNA, BRN43BBANA, BRN43BBBNA, BRN44ABANA, BRN44ABBNA, BRN44BBANA, BRN44XRANA, BRQ47BBANA, BRQ47BBBNA, BRU49BBANA, BRU49BBBNA, BRU49BRANA, BRU49BRBNA, BRU49BX1NA, BRU49BX2NA, BRU49WBANA, BRU49WBBNA, BRU49YBANA, BRU49YBBNA, BRV44BBANA, BRV44BBBNA, BRW50NBANA, BRW50NBBNA, BRW50NBVNA, BRW50NDVNA, BRW50NGVNA, BRW50NMVNA, BRW50NRANA, BRW50NRBNA, BRW50NRVNA, CRM30DBANA, CRM30DBBNA, CRM32ABANA, CRM32ABBNA, CRM32ACANA, CRM32ACBNA, CRM32BBANA, CRM32BBBNA, CRM32BCANA, CRM32BCBNA, CRM33ABANA, CRM33ABBNA, CRM33ACANA, CRM33ACBNA, CRM33BBBNA, CRM33DBANA, CRM33DBBNA, CRM33DRANA, CRM33DRBNA, CRM34FBANA, CRM34FBBNA, CRM35ABANA, CRM35ABBNA, CRM35BBANA, CRM35BBBNA, CRM37ABANA, CRM37ABBNA, CRM37ACANA, CRM37ACBNA, CRM38ABANA, CRM38ABBNA, CRM38BBANA, CRM38BBBNA, CRM42ABANA, CRM42ABBNA, CRM42ABDEA, CRM42ACANA, CRM42ACBNA, CRM42ADANA, CRM42ADBNA, CRM42BBANA, CRM42BBBNA, CRM42BCANA, CRM42BCBNA, CRM42CBANA, CRM42CBBNA, CRM42CCANA, CRM42CCBNA, CRM44DBANA, CRM44DBBNA, CRM45ABANA, CRM45ABBNA, CRM45ARANA, CRM45ARBNA, CRM46ABANA, CRM46ABBNA, CRM47FBANA, CRM47FBBNA, CRM49ABANA, CRM49ABBNA, CRM50ABANA, CRM50ABBNA, CRM50ARANA, CRM50ARBNA, CVU18GBANA, CVU18GBBNA, LRM40DQANA, LRM40DQBNA, LRM48DQANA, LRM48DQBNA, PRM40DSANA, PRM40DSBNA, PRM48DSANA, PRM48DSBNA<\/p>\n","protected":false},"excerpt":{"rendered":"<p><strong>Damper Termost\u00e1tico para Refrigeradores Brast\/Con &#8211; Termostato 326050056<\/strong><\/p>\n<p><strong>Modelos Compat\u00edveis:\u00a0<\/strong><\/p>\n<p>BRG43ABANA, BRG43ABBNA, BRG43ACANA, BRG43ACBNA, BRG43BBANA, BRG43BBBNA, BRG44ABANA, BRG44ABBNA, BRG44BBANA, BRG44BBBNA, BRJ49BBANA, BRJ49BBBNA, BRK42ABANA, BRK42ABBNA, BRK50NBANA, BRK50NBBNA, BRK50NDANA, BRK50NDBNA, BRK50NGANA, BRK50NGBNA, BRK50NMANA, BRK50NMBNA, BRK50NPANA, BRK50NPBNA, BRK50NRANA, BRK50NRBNA, BRM32ABANA, BRM32ABBNA, BRM33ABANA, BRM33ABBNA, BRM33ACANA, BRM33ACBNA, BRM33BBANA, BRM33BBBNA, BRM33BCANA, BRM33BCBNA, BRM33CBANA, BRM33CBBNA, BRM33CCANA, BRM33CCBNA, BRM34ABANA, BRM34ABBNA, BRM34ACANA, BRM34ACBNA, BRM34BBANA, BRM34BBBNA, BRM34BCANA, BRM34BCBNA, BRM35ABANA, BRM35ABBNA, BRM35BBANA, BRM35BBBNA, BRM35BRANA, BRM35BRBNA, BRM36DBANA, BRM36DBBNA, BRM36EBANA, BRM36EBBNA, BRM36EGANA, BRM36EGBNA, BRM36ERANA, BRM36ERBNA, BRM36EVANA, BRM36EVBNA, BRM36EZANA, BRM36EZBNA, BRM37ABANA, BRM37ABBNA, BRM37ACANA, BRM37ACBNA, BRM37BBANA, BRM37BBBNA, BRM37BCANA, BRM37BCBNA, BRM38ABANA, BRM38ABBNA, BRM38ACANA, BRM38ACBNA, BRM38BBANA, BRM38BBBNA, BRM38BCANA, BRM38BCBNA, BRM39BBANA, BRM39BBBNA, BRM40DBANA, BRM40DBBNA, BRM40EBANA, BRM40EBBNA, BRM40ESANA, BRM40ESBNA, BRM41ABANA, BRM41ABBNA, BRM41BBANA, BRM41BBBNA, BRM43ABANA, BRM43ABBNA, BRM43ABZIG, BRM43ACANA, BRM43ACBNA, BRM43BBANA, BRM43BBBNA, BRM43BCANA, BRM43BCBNA, BRM43PSANA, BRM43PSBNA, BRM43XRANA, BRM43XRBNA, BRM44ABANA, BRM44ACANA, BRM44ACBNA, BRM44BBANA, BRM44BBBNA, BRM44BCANA, BRM44BCBNA, BRM44DBANA, BRM44DBBNA, BRM44EBANA, BRM44EBBNA, BRM44ERANA, BRM44ERBNA, BRM44LQANA, BRM44LQBNA, BRM44PSANA, BRM44PSBNA, BRM44QSANA, BRM44QSBNA, BRM44XRANA, BRM44XRBNA, BRM44YRANA, BRM44YRBNA, BRM44ZRANA, BRM44ZRBNA, BRM47ABANA, BRM47ABBNA, BRM47ARANA, BRM47ARBNA, BRM47BBANA, BRM47BBBNA, BRM47BRANA, BRM47BRBNA, BRM47GBANA, BRM47GBBNA, BRM47GKANA, BRM47GKBNA, BRM48DBANA, BRM48DBBNA, BRM48DX1NA, BRM48DX2NA, BRM48NBANA, BRM48NBBNA, BRM49BBANA, BRM49BBBNA, BRM49BRANA, BRM49BRBNA, BRM49EBANA, BRM49EBBNA, BRM49GBANA, BRM49GBBNA, BRM49GKANA, BRM49GKBNA, BRM50NBANA, BRM50NBBNA, BRM50NDANA, BRM50NDBNA, BRM50NGANA, BRM50NGBNA, BRM50NMANA, BRM50NMBNA, BRM50NPANA, BRM50NPBNA, BRM50NRANA, BRM50NRBNA, BRM50NX1NA, BRM50NX2NA, BRN43ABANA, BRN43ABBNA, BRN43ACANA, BRN43ACBNA, BRN43BBANA, BRN43BBBNA, BRN44ABANA, BRN44ABBNA, BRN44BBANA, BRN44XRANA, BRQ47BBANA, BRQ47BBBNA, BRU49BBANA, BRU49BBBNA, BRU49BRANA, BRU49BRBNA, BRU49BX1NA, BRU49BX2NA, BRU49WBANA, BRU49WBBNA, BRU49YBANA, BRU49YBBNA, BRV44BBANA, BRV44BBBNA, BRW50NBANA, BRW50NBBNA, BRW50NBVNA, BRW50NDVNA, BRW50NGVNA, BRW50NMVNA, BRW50NRANA, BRW50NRBNA, BRW50NRVNA, CRM30DBANA, CRM30DBBNA, CRM32ABANA, CRM32ABBNA, CRM32ACANA, CRM32ACBNA, CRM32BBANA, CRM32BBBNA, CRM32BCANA, CRM32BCBNA, CRM33ABANA, CRM33ABBNA, CRM33ACANA, CRM33ACBNA, CRM33BBBNA, CRM33DBANA, CRM33DBBNA, CRM33DRANA, CRM33DRBNA, CRM34FBANA, CRM34FBBNA, CRM35ABANA, CRM35ABBNA, CRM35BBANA, CRM35BBBNA, CRM37ABANA, CRM37ABBNA, CRM37ACANA, CRM37ACBNA, CRM38ABANA, CRM38ABBNA, CRM38BBANA, CRM38BBBNA, CRM42ABANA, CRM42ABBNA, CRM42ABDEA, CRM42ACANA, CRM42ACBNA, CRM42ADANA, CRM42ADBNA, CRM42BBANA, CRM42BBBNA, CRM42BCANA, CRM42BCBNA, CRM42CBANA, CRM42CBBNA, CRM42CCANA, CRM42CCBNA, CRM44DBANA, CRM44DBBNA, CRM45ABANA, CRM45ABBNA, CRM45ARANA, CRM45ARBNA, CRM46ABANA, CRM46ABBNA, CRM47FBANA, CRM47FBBNA, CRM49ABANA, CRM49ABBNA, CRM50ABANA, CRM50ABBNA, CRM50ARANA, CRM50ARBNA, CVU18GBANA, CVU18GBBNA, LRM40DQANA, LRM40DQBNA, LRM48DQANA, LRM48DQBNA, PRM40DSANA, PRM40DSBNA, PRM48DSANA, PRM48DSBNA<\/p>\n","protected":false},"featured_media":3665,"comment_status":"open","ping_status":"closed","template":"","meta":[],"product_brand":[],"product_cat":[148,144,156],"product_tag":[246,242,240,243,241,237,245,239,238,244],"class_list":{"0":"post-3660","1":"product","2":"type-product","3":"status-publish","4":"has-post-thumbnail","6":"product_cat-freezer","7":"product_cat-geladeira","8":"product_cat-termostato-freezer","9":"product_tag-246","10":"product_tag-brastemp","11":"product_tag-brm37","12":"product_tag-consul","13":"product_tag-crm37","14":"product_tag-damper","15":"product_tag-mecanico","16":"product_tag-refrigerador","17":"product_tag-termostatico","18":"product_tag-termostato","20":"first","21":"instock","22":"shipping-taxable","23":"purchasable","24":"product-type-simple"},"yoast_head":"<!-- This site is optimized with the Yoast SEO Premium plugin v24.1 (Yoast SEO v24.3) - https:\/\/yoast.com\/wordpress\/plugins\/seo\/ -->\n<title>Damper Termost\u00e1tico para Refrigeradores Compat\u00edvel Modelos BRM CRM - Brastemp\/Consul - Termostato Mec\u00e2nico 326050056 - Essek - Importadora e Exportadora de produtos de qualidade<\/title>\n<meta name=\"description\" content=\"A fun\u00e7\u00e3o principal do Damper Termost\u00e1tico \u00e9 regular o fluxo de ar frio que entra no compartimento refrigerador, assegurando que a temperatura interna seja mantida de maneira uniforme e eficiente. Isso \u00e9 essencial para evitar que os alimentos congelem ou n\u00e3o sejam refrigerados adequadamente. Produto compat\u00edvel em diversos modelos de refrigeradores Brastemp\/Consul\" \/>\n<meta name=\"robots\" content=\"index, follow, max-snippet:-1, max-image-preview:large, max-video-preview:-1\" \/>\n<link rel=\"canonical\" href=\"https:\/\/www.essek.com.br\/loja\/produto\/damper-termostatico-para-refrigeradores-brast-con-brm-crm-326050056-termostato\/\" \/>\n<meta property=\"og:locale\" content=\"pt_BR\" \/>\n<meta property=\"og:type\" content=\"article\" \/>\n<meta property=\"og:title\" content=\"Damper Termost\u00e1tico para Refrigeradores Compat\u00edvel Modelos BRM CRM - Brastemp\/Consul - Termostato Mec\u00e2nico 326050056\" \/>\n<meta property=\"og:description\" content=\"A fun\u00e7\u00e3o principal do Damper Termost\u00e1tico \u00e9 regular o fluxo de ar frio que entra no compartimento refrigerador, assegurando que a temperatura interna seja mantida de maneira uniforme e eficiente. Isso \u00e9 essencial para evitar que os alimentos congelem ou n\u00e3o sejam refrigerados adequadamente. Produto compat\u00edvel em diversos modelos de refrigeradores Brastemp\/Consul\" \/>\n<meta property=\"og:url\" content=\"https:\/\/www.essek.com.br\/loja\/produto\/damper-termostatico-para-refrigeradores-brast-con-brm-crm-326050056-termostato\/\" \/>\n<meta property=\"og:site_name\" content=\"Essek - Importadora e Exportadora de produtos de qualidade\" \/>\n<meta property=\"article:modified_time\" content=\"2026-01-22T18:24:52+00:00\" \/>\n<meta property=\"og:image\" content=\"https:\/\/www.essek.com.br\/loja\/wp-content\/uploads\/2025\/11\/damper1-1.jpg\" \/>\n\t<meta property=\"og:image:width\" content=\"463\" \/>\n\t<meta property=\"og:image:height\" content=\"417\" \/>\n\t<meta property=\"og:image:type\" content=\"image\/jpeg\" \/>\n<meta name=\"twitter:card\" content=\"summary_large_image\" \/>\n<meta name=\"twitter:label1\" content=\"Est. tempo de leitura\" \/>\n\t<meta name=\"twitter:data1\" content=\"2 minutos\" \/>\n<script type=\"application\/ld+json\" class=\"yoast-schema-graph\">{\"@context\":\"https:\/\/schema.org\",\"@graph\":[{\"@type\":\"WebPage\",\"@id\":\"https:\/\/www.essek.com.br\/loja\/produto\/damper-termostatico-para-refrigeradores-brast-con-brm-crm-326050056-termostato\/\",\"url\":\"https:\/\/www.essek.com.br\/loja\/produto\/damper-termostatico-para-refrigeradores-brast-con-brm-crm-326050056-termostato\/\",\"name\":\"Damper Termost\u00e1tico para Refrigeradores Compat\u00edvel Modelos BRM CRM - Brastemp\/Consul - Termostato Mec\u00e2nico 326050056 - Essek - Importadora e Exportadora de produtos de qualidade\",\"isPartOf\":{\"@id\":\"https:\/\/www.essek.com.br\/loja\/#website\"},\"primaryImageOfPage\":{\"@id\":\"https:\/\/www.essek.com.br\/loja\/produto\/damper-termostatico-para-refrigeradores-brast-con-brm-crm-326050056-termostato\/#primaryimage\"},\"image\":{\"@id\":\"https:\/\/www.essek.com.br\/loja\/produto\/damper-termostatico-para-refrigeradores-brast-con-brm-crm-326050056-termostato\/#primaryimage\"},\"thumbnailUrl\":\"https:\/\/www.essek.com.br\/loja\/wp-content\/uploads\/2025\/11\/damper1-1.jpg\",\"datePublished\":\"2025-11-05T18:14:25+00:00\",\"dateModified\":\"2026-01-22T18:24:52+00:00\",\"description\":\"A fun\u00e7\u00e3o principal do Damper Termost\u00e1tico \u00e9 regular o fluxo de ar frio que entra no compartimento refrigerador, assegurando que a temperatura interna seja mantida de maneira uniforme e eficiente. Isso \u00e9 essencial para evitar que os alimentos congelem ou n\u00e3o sejam refrigerados adequadamente. Produto compat\u00edvel em diversos modelos de refrigeradores Brastemp\/Consul\",\"breadcrumb\":{\"@id\":\"https:\/\/www.essek.com.br\/loja\/produto\/damper-termostatico-para-refrigeradores-brast-con-brm-crm-326050056-termostato\/#breadcrumb\"},\"inLanguage\":\"pt-BR\",\"potentialAction\":[{\"@type\":\"ReadAction\",\"target\":[\"https:\/\/www.essek.com.br\/loja\/produto\/damper-termostatico-para-refrigeradores-brast-con-brm-crm-326050056-termostato\/\"]}]},{\"@type\":\"ImageObject\",\"inLanguage\":\"pt-BR\",\"@id\":\"https:\/\/www.essek.com.br\/loja\/produto\/damper-termostatico-para-refrigeradores-brast-con-brm-crm-326050056-termostato\/#primaryimage\",\"url\":\"https:\/\/www.essek.com.br\/loja\/wp-content\/uploads\/2025\/11\/damper1-1.jpg\",\"contentUrl\":\"https:\/\/www.essek.com.br\/loja\/wp-content\/uploads\/2025\/11\/damper1-1.jpg\",\"width\":463,\"height\":417},{\"@type\":\"BreadcrumbList\",\"@id\":\"https:\/\/www.essek.com.br\/loja\/produto\/damper-termostatico-para-refrigeradores-brast-con-brm-crm-326050056-termostato\/#breadcrumb\",\"itemListElement\":[{\"@type\":\"ListItem\",\"position\":1,\"name\":\"In\u00edcio\",\"item\":\"https:\/\/www.essek.com.br\/loja\/\"},{\"@type\":\"ListItem\",\"position\":2,\"name\":\"Shop\",\"item\":\"https:\/\/www.essek.com.br\/loja\/shop\/\"},{\"@type\":\"ListItem\",\"position\":3,\"name\":\"Damper Termost\u00e1tico para Refrigeradores Compat\u00edvel Modelos BRM CRM &#8211; Brastemp\/Consul &#8211; Termostato Mec\u00e2nico 326050056\"}]},{\"@type\":\"WebSite\",\"@id\":\"https:\/\/www.essek.com.br\/loja\/#website\",\"url\":\"https:\/\/www.essek.com.br\/loja\/\",\"name\":\"Essek - Importadora e Exportadora de produtos de qualidade\",\"description\":\"Importadora e Exportadora de produtos de qualidade\",\"publisher\":{\"@id\":\"https:\/\/www.essek.com.br\/loja\/#organization\"},\"alternateName\":\"Essek\",\"potentialAction\":[{\"@type\":\"SearchAction\",\"target\":{\"@type\":\"EntryPoint\",\"urlTemplate\":\"https:\/\/www.essek.com.br\/loja\/?s={search_term_string}\"},\"query-input\":{\"@type\":\"PropertyValueSpecification\",\"valueRequired\":true,\"valueName\":\"search_term_string\"}}],\"inLanguage\":\"pt-BR\"},{\"@type\":\"Organization\",\"@id\":\"https:\/\/www.essek.com.br\/loja\/#organization\",\"name\":\"Essek - Importadora e Exportadora de produtos de qualidade\",\"alternateName\":\"Essek\",\"url\":\"https:\/\/www.essek.com.br\/loja\/\",\"logo\":{\"@type\":\"ImageObject\",\"inLanguage\":\"pt-BR\",\"@id\":\"https:\/\/www.essek.com.br\/loja\/#\/schema\/logo\/image\/\",\"url\":\"https:\/\/www.essek.com.br\/loja\/wp-content\/uploads\/2025\/01\/Group-205.png\",\"contentUrl\":\"https:\/\/www.essek.com.br\/loja\/wp-content\/uploads\/2025\/01\/Group-205.png\",\"width\":717,\"height\":571,\"caption\":\"Essek - Importadora e Exportadora de produtos de qualidade\"},\"image\":{\"@id\":\"https:\/\/www.essek.com.br\/loja\/#\/schema\/logo\/image\/\"},\"sameAs\":[\"https:\/\/www.instagram.com\/essekcomercial\/\",\"https:\/\/www.linkedin.com\/company\/essek-comercial\"]}]}<\/script>\n<!-- \/ Yoast SEO Premium plugin. -->","yoast_head_json":{"title":"Damper Termost\u00e1tico para Refrigeradores Compat\u00edvel Modelos BRM CRM - Brastemp\/Consul - Termostato Mec\u00e2nico 326050056 - Essek - Importadora e Exportadora de produtos de qualidade","description":"A fun\u00e7\u00e3o principal do Damper Termost\u00e1tico \u00e9 regular o fluxo de ar frio que entra no compartimento refrigerador, assegurando que a temperatura interna seja mantida de maneira uniforme e eficiente. Isso \u00e9 essencial para evitar que os alimentos congelem ou n\u00e3o sejam refrigerados adequadamente. Produto compat\u00edvel em diversos modelos de refrigeradores Brastemp\/Consul","robots":{"index":"index","follow":"follow","max-snippet":"max-snippet:-1","max-image-preview":"max-image-preview:large","max-video-preview":"max-video-preview:-1"},"canonical":"https:\/\/www.essek.com.br\/loja\/produto\/damper-termostatico-para-refrigeradores-brast-con-brm-crm-326050056-termostato\/","og_locale":"pt_BR","og_type":"article","og_title":"Damper Termost\u00e1tico para Refrigeradores Compat\u00edvel Modelos BRM CRM - Brastemp\/Consul - Termostato Mec\u00e2nico 326050056","og_description":"A fun\u00e7\u00e3o principal do Damper Termost\u00e1tico \u00e9 regular o fluxo de ar frio que entra no compartimento refrigerador, assegurando que a temperatura interna seja mantida de maneira uniforme e eficiente. Isso \u00e9 essencial para evitar que os alimentos congelem ou n\u00e3o sejam refrigerados adequadamente. Produto compat\u00edvel em diversos modelos de refrigeradores Brastemp\/Consul","og_url":"https:\/\/www.essek.com.br\/loja\/produto\/damper-termostatico-para-refrigeradores-brast-con-brm-crm-326050056-termostato\/","og_site_name":"Essek - Importadora e Exportadora de produtos de qualidade","article_modified_time":"2026-01-22T18:24:52+00:00","og_image":[{"width":463,"height":417,"url":"https:\/\/www.essek.com.br\/loja\/wp-content\/uploads\/2025\/11\/damper1-1.jpg","type":"image\/jpeg"}],"twitter_card":"summary_large_image","twitter_misc":{"Est. tempo de leitura":"2 minutos"},"schema":{"@context":"https:\/\/schema.org","@graph":[{"@type":"WebPage","@id":"https:\/\/www.essek.com.br\/loja\/produto\/damper-termostatico-para-refrigeradores-brast-con-brm-crm-326050056-termostato\/","url":"https:\/\/www.essek.com.br\/loja\/produto\/damper-termostatico-para-refrigeradores-brast-con-brm-crm-326050056-termostato\/","name":"Damper Termost\u00e1tico para Refrigeradores Compat\u00edvel Modelos BRM CRM - Brastemp\/Consul - Termostato Mec\u00e2nico 326050056 - Essek - Importadora e Exportadora de produtos de qualidade","isPartOf":{"@id":"https:\/\/www.essek.com.br\/loja\/#website"},"primaryImageOfPage":{"@id":"https:\/\/www.essek.com.br\/loja\/produto\/damper-termostatico-para-refrigeradores-brast-con-brm-crm-326050056-termostato\/#primaryimage"},"image":{"@id":"https:\/\/www.essek.com.br\/loja\/produto\/damper-termostatico-para-refrigeradores-brast-con-brm-crm-326050056-termostato\/#primaryimage"},"thumbnailUrl":"https:\/\/www.essek.com.br\/loja\/wp-content\/uploads\/2025\/11\/damper1-1.jpg","datePublished":"2025-11-05T18:14:25+00:00","dateModified":"2026-01-22T18:24:52+00:00","description":"A fun\u00e7\u00e3o principal do Damper Termost\u00e1tico \u00e9 regular o fluxo de ar frio que entra no compartimento refrigerador, assegurando que a temperatura interna seja mantida de maneira uniforme e eficiente. Isso \u00e9 essencial para evitar que os alimentos congelem ou n\u00e3o sejam refrigerados adequadamente. Produto compat\u00edvel em diversos modelos de refrigeradores Brastemp\/Consul","breadcrumb":{"@id":"https:\/\/www.essek.com.br\/loja\/produto\/damper-termostatico-para-refrigeradores-brast-con-brm-crm-326050056-termostato\/#breadcrumb"},"inLanguage":"pt-BR","potentialAction":[{"@type":"ReadAction","target":["https:\/\/www.essek.com.br\/loja\/produto\/damper-termostatico-para-refrigeradores-brast-con-brm-crm-326050056-termostato\/"]}]},{"@type":"ImageObject","inLanguage":"pt-BR","@id":"https:\/\/www.essek.com.br\/loja\/produto\/damper-termostatico-para-refrigeradores-brast-con-brm-crm-326050056-termostato\/#primaryimage","url":"https:\/\/www.essek.com.br\/loja\/wp-content\/uploads\/2025\/11\/damper1-1.jpg","contentUrl":"https:\/\/www.essek.com.br\/loja\/wp-content\/uploads\/2025\/11\/damper1-1.jpg","width":463,"height":417},{"@type":"BreadcrumbList","@id":"https:\/\/www.essek.com.br\/loja\/produto\/damper-termostatico-para-refrigeradores-brast-con-brm-crm-326050056-termostato\/#breadcrumb","itemListElement":[{"@type":"ListItem","position":1,"name":"In\u00edcio","item":"https:\/\/www.essek.com.br\/loja\/"},{"@type":"ListItem","position":2,"name":"Shop","item":"https:\/\/www.essek.com.br\/loja\/shop\/"},{"@type":"ListItem","position":3,"name":"Damper Termost\u00e1tico para Refrigeradores Compat\u00edvel Modelos BRM CRM &#8211; Brastemp\/Consul &#8211; Termostato Mec\u00e2nico 326050056"}]},{"@type":"WebSite","@id":"https:\/\/www.essek.com.br\/loja\/#website","url":"https:\/\/www.essek.com.br\/loja\/","name":"Essek - Importadora e Exportadora de produtos de qualidade","description":"Importadora e Exportadora de produtos de qualidade","publisher":{"@id":"https:\/\/www.essek.com.br\/loja\/#organization"},"alternateName":"Essek","potentialAction":[{"@type":"SearchAction","target":{"@type":"EntryPoint","urlTemplate":"https:\/\/www.essek.com.br\/loja\/?s={search_term_string}"},"query-input":{"@type":"PropertyValueSpecification","valueRequired":true,"valueName":"search_term_string"}}],"inLanguage":"pt-BR"},{"@type":"Organization","@id":"https:\/\/www.essek.com.br\/loja\/#organization","name":"Essek - Importadora e Exportadora de produtos de qualidade","alternateName":"Essek","url":"https:\/\/www.essek.com.br\/loja\/","logo":{"@type":"ImageObject","inLanguage":"pt-BR","@id":"https:\/\/www.essek.com.br\/loja\/#\/schema\/logo\/image\/","url":"https:\/\/www.essek.com.br\/loja\/wp-content\/uploads\/2025\/01\/Group-205.png","contentUrl":"https:\/\/www.essek.com.br\/loja\/wp-content\/uploads\/2025\/01\/Group-205.png","width":717,"height":571,"caption":"Essek - Importadora e Exportadora de produtos de qualidade"},"image":{"@id":"https:\/\/www.essek.com.br\/loja\/#\/schema\/logo\/image\/"},"sameAs":["https:\/\/www.instagram.com\/essekcomercial\/","https:\/\/www.linkedin.com\/company\/essek-comercial"]}]}},"_links":{"self":[{"href":"https:\/\/www.essek.com.br\/loja\/wp-json\/wp\/v2\/product\/3660","targetHints":{"allow":["GET"]}}],"collection":[{"href":"https:\/\/www.essek.com.br\/loja\/wp-json\/wp\/v2\/product"}],"about":[{"href":"https:\/\/www.essek.com.br\/loja\/wp-json\/wp\/v2\/types\/product"}],"replies":[{"embeddable":true,"href":"https:\/\/www.essek.com.br\/loja\/wp-json\/wp\/v2\/comments?post=3660"}],"version-history":[{"count":3,"href":"https:\/\/www.essek.com.br\/loja\/wp-json\/wp\/v2\/product\/3660\/revisions"}],"predecessor-version":[{"id":3668,"href":"https:\/\/www.essek.com.br\/loja\/wp-json\/wp\/v2\/product\/3660\/revisions\/3668"}],"wp:featuredmedia":[{"embeddable":true,"href":"https:\/\/www.essek.com.br\/loja\/wp-json\/wp\/v2\/media\/3665"}],"wp:attachment":[{"href":"https:\/\/www.essek.com.br\/loja\/wp-json\/wp\/v2\/media?parent=3660"}],"wp:term":[{"taxonomy":"product_brand","embeddable":true,"href":"https:\/\/www.essek.com.br\/loja\/wp-json\/wp\/v2\/product_brand?post=3660"},{"taxonomy":"product_cat","embeddable":true,"href":"https:\/\/www.essek.com.br\/loja\/wp-json\/wp\/v2\/product_cat?post=3660"},{"taxonomy":"product_tag","embeddable":true,"href":"https:\/\/www.essek.com.br\/loja\/wp-json\/wp\/v2\/product_tag?post=3660"}],"curies":[{"name":"wp","href":"https:\/\/api.w.org\/{rel}","templated":true}]}}