{"id":3381,"date":"2025-09-09T10:53:10","date_gmt":"2025-09-09T13:53:10","guid":{"rendered":"https:\/\/www.essek.com.br\/loja\/?post_type=product&#038;p=3381"},"modified":"2025-10-17T11:03:06","modified_gmt":"2025-10-17T14:03:06","slug":"suporte-split-500mm-aco-reforcado-com-mao-francesa-18000-ate-27000btu","status":"publish","type":"product","link":"https:\/\/www.essek.com.br\/loja\/produto\/suporte-split-500mm-aco-reforcado-com-mao-francesa-18000-ate-27000btu\/","title":{"rendered":"Suporte Split 500Mm A\u00e7o Refor\u00e7ado Com M\u00e3o Francesa &#8211; 18000 At\u00e9 27000Btu"},"content":{"rendered":"<p>Suporte Split 500Mm A\u00e7o Refor\u00e7ado Com M\u00e3o Francesa &#8211; 18000 At\u00e9 27000Btu<\/p>\n","protected":false},"excerpt":{"rendered":"<p>Suporte Split 500Mm A\u00e7o Refor\u00e7ado Com M\u00e3o Francesa &#8211; 18000 At\u00e9 27000Btu<\/p>\n","protected":false},"featured_media":3382,"comment_status":"open","ping_status":"closed","template":"","meta":[],"product_brand":[],"product_cat":[157,28],"product_tag":[],"class_list":{"0":"post-3381","1":"product","2":"type-product","3":"status-publish","4":"has-post-thumbnail","6":"product_cat-suporte","7":"product_cat-ar-condicionado","9":"first","10":"instock","11":"shipping-taxable","12":"purchasable","13":"product-type-simple"},"yoast_head":"<!-- This site is optimized with the Yoast SEO Premium plugin v24.1 (Yoast SEO v24.3) - https:\/\/yoast.com\/wordpress\/plugins\/seo\/ -->\n<title>Suporte Split 500Mm A\u00e7o Refor\u00e7ado Com M\u00e3o Francesa - 18000 At\u00e9 27000Btu - Essek - Importadora e Exportadora de produtos de qualidade<\/title>\n<meta name=\"description\" content=\"Suporte Split 500Mm A\u00e7o Refor\u00e7ado Com M\u00e3o Francesa - 18000 At\u00e9 27000Btu\" \/>\n<meta name=\"robots\" content=\"index, follow, max-snippet:-1, max-image-preview:large, max-video-preview:-1\" \/>\n<link rel=\"canonical\" href=\"https:\/\/www.essek.com.br\/loja\/produto\/suporte-split-500mm-aco-reforcado-com-mao-francesa-18000-ate-27000btu\/\" \/>\n<meta property=\"og:locale\" content=\"pt_BR\" \/>\n<meta property=\"og:type\" content=\"article\" \/>\n<meta property=\"og:title\" content=\"Suporte Split 500Mm A\u00e7o Refor\u00e7ado Com M\u00e3o Francesa - 18000 At\u00e9 27000Btu\" \/>\n<meta property=\"og:description\" content=\"Suporte Split 500Mm A\u00e7o Refor\u00e7ado Com M\u00e3o Francesa - 18000 At\u00e9 27000Btu\" \/>\n<meta property=\"og:url\" content=\"https:\/\/www.essek.com.br\/loja\/produto\/suporte-split-500mm-aco-reforcado-com-mao-francesa-18000-ate-27000btu\/\" \/>\n<meta property=\"og:site_name\" content=\"Essek - Importadora e Exportadora de produtos de qualidade\" \/>\n<meta property=\"article:modified_time\" content=\"2025-10-17T14:03:06+00:00\" \/>\n<meta property=\"og:image\" content=\"https:\/\/www.essek.com.br\/loja\/wp-content\/uploads\/2025\/09\/500PUR_01.jpg\" \/>\n\t<meta property=\"og:image:width\" content=\"372\" \/>\n\t<meta property=\"og:image:height\" content=\"272\" \/>\n\t<meta property=\"og:image:type\" content=\"image\/jpeg\" \/>\n<meta name=\"twitter:card\" content=\"summary_large_image\" \/>\n<meta name=\"twitter:label1\" content=\"Est. tempo de leitura\" \/>\n\t<meta name=\"twitter:data1\" content=\"1 minuto\" \/>\n<script type=\"application\/ld+json\" class=\"yoast-schema-graph\">{\"@context\":\"https:\/\/schema.org\",\"@graph\":[{\"@type\":\"WebPage\",\"@id\":\"https:\/\/www.essek.com.br\/loja\/produto\/suporte-split-500mm-aco-reforcado-com-mao-francesa-18000-ate-27000btu\/\",\"url\":\"https:\/\/www.essek.com.br\/loja\/produto\/suporte-split-500mm-aco-reforcado-com-mao-francesa-18000-ate-27000btu\/\",\"name\":\"Suporte Split 500Mm A\u00e7o Refor\u00e7ado Com M\u00e3o Francesa - 18000 At\u00e9 27000Btu - Essek - Importadora e Exportadora de produtos de qualidade\",\"isPartOf\":{\"@id\":\"https:\/\/www.essek.com.br\/loja\/#website\"},\"primaryImageOfPage\":{\"@id\":\"https:\/\/www.essek.com.br\/loja\/produto\/suporte-split-500mm-aco-reforcado-com-mao-francesa-18000-ate-27000btu\/#primaryimage\"},\"image\":{\"@id\":\"https:\/\/www.essek.com.br\/loja\/produto\/suporte-split-500mm-aco-reforcado-com-mao-francesa-18000-ate-27000btu\/#primaryimage\"},\"thumbnailUrl\":\"https:\/\/www.essek.com.br\/loja\/wp-content\/uploads\/2025\/09\/500PUR_01.jpg\",\"datePublished\":\"2025-09-09T13:53:10+00:00\",\"dateModified\":\"2025-10-17T14:03:06+00:00\",\"description\":\"Suporte Split 500Mm A\u00e7o Refor\u00e7ado Com M\u00e3o Francesa - 18000 At\u00e9 27000Btu\",\"breadcrumb\":{\"@id\":\"https:\/\/www.essek.com.br\/loja\/produto\/suporte-split-500mm-aco-reforcado-com-mao-francesa-18000-ate-27000btu\/#breadcrumb\"},\"inLanguage\":\"pt-BR\",\"potentialAction\":[{\"@type\":\"ReadAction\",\"target\":[\"https:\/\/www.essek.com.br\/loja\/produto\/suporte-split-500mm-aco-reforcado-com-mao-francesa-18000-ate-27000btu\/\"]}]},{\"@type\":\"ImageObject\",\"inLanguage\":\"pt-BR\",\"@id\":\"https:\/\/www.essek.com.br\/loja\/produto\/suporte-split-500mm-aco-reforcado-com-mao-francesa-18000-ate-27000btu\/#primaryimage\",\"url\":\"https:\/\/www.essek.com.br\/loja\/wp-content\/uploads\/2025\/09\/500PUR_01.jpg\",\"contentUrl\":\"https:\/\/www.essek.com.br\/loja\/wp-content\/uploads\/2025\/09\/500PUR_01.jpg\",\"width\":372,\"height\":272},{\"@type\":\"BreadcrumbList\",\"@id\":\"https:\/\/www.essek.com.br\/loja\/produto\/suporte-split-500mm-aco-reforcado-com-mao-francesa-18000-ate-27000btu\/#breadcrumb\",\"itemListElement\":[{\"@type\":\"ListItem\",\"position\":1,\"name\":\"In\u00edcio\",\"item\":\"https:\/\/www.essek.com.br\/loja\/\"},{\"@type\":\"ListItem\",\"position\":2,\"name\":\"Shop\",\"item\":\"https:\/\/www.essek.com.br\/loja\/shop\/\"},{\"@type\":\"ListItem\",\"position\":3,\"name\":\"Suporte Split 500Mm A\u00e7o Refor\u00e7ado Com M\u00e3o Francesa &#8211; 18000 At\u00e9 27000Btu\"}]},{\"@type\":\"WebSite\",\"@id\":\"https:\/\/www.essek.com.br\/loja\/#website\",\"url\":\"https:\/\/www.essek.com.br\/loja\/\",\"name\":\"Essek - Importadora e Exportadora de produtos de qualidade\",\"description\":\"Importadora e Exportadora de produtos de qualidade\",\"publisher\":{\"@id\":\"https:\/\/www.essek.com.br\/loja\/#organization\"},\"alternateName\":\"Essek\",\"potentialAction\":[{\"@type\":\"SearchAction\",\"target\":{\"@type\":\"EntryPoint\",\"urlTemplate\":\"https:\/\/www.essek.com.br\/loja\/?s={search_term_string}\"},\"query-input\":{\"@type\":\"PropertyValueSpecification\",\"valueRequired\":true,\"valueName\":\"search_term_string\"}}],\"inLanguage\":\"pt-BR\"},{\"@type\":\"Organization\",\"@id\":\"https:\/\/www.essek.com.br\/loja\/#organization\",\"name\":\"Essek - Importadora e Exportadora de produtos de qualidade\",\"alternateName\":\"Essek\",\"url\":\"https:\/\/www.essek.com.br\/loja\/\",\"logo\":{\"@type\":\"ImageObject\",\"inLanguage\":\"pt-BR\",\"@id\":\"https:\/\/www.essek.com.br\/loja\/#\/schema\/logo\/image\/\",\"url\":\"https:\/\/www.essek.com.br\/loja\/wp-content\/uploads\/2025\/01\/Group-205.png\",\"contentUrl\":\"https:\/\/www.essek.com.br\/loja\/wp-content\/uploads\/2025\/01\/Group-205.png\",\"width\":717,\"height\":571,\"caption\":\"Essek - Importadora e Exportadora de produtos de qualidade\"},\"image\":{\"@id\":\"https:\/\/www.essek.com.br\/loja\/#\/schema\/logo\/image\/\"},\"sameAs\":[\"https:\/\/www.instagram.com\/essekcomercial\/\",\"https:\/\/www.linkedin.com\/company\/essek-comercial\"]}]}<\/script>\n<!-- \/ Yoast SEO Premium plugin. -->","yoast_head_json":{"title":"Suporte Split 500Mm A\u00e7o Refor\u00e7ado Com M\u00e3o Francesa - 18000 At\u00e9 27000Btu - Essek - Importadora e Exportadora de produtos de qualidade","description":"Suporte Split 500Mm A\u00e7o Refor\u00e7ado Com M\u00e3o Francesa - 18000 At\u00e9 27000Btu","robots":{"index":"index","follow":"follow","max-snippet":"max-snippet:-1","max-image-preview":"max-image-preview:large","max-video-preview":"max-video-preview:-1"},"canonical":"https:\/\/www.essek.com.br\/loja\/produto\/suporte-split-500mm-aco-reforcado-com-mao-francesa-18000-ate-27000btu\/","og_locale":"pt_BR","og_type":"article","og_title":"Suporte Split 500Mm A\u00e7o Refor\u00e7ado Com M\u00e3o Francesa - 18000 At\u00e9 27000Btu","og_description":"Suporte Split 500Mm A\u00e7o Refor\u00e7ado Com M\u00e3o Francesa - 18000 At\u00e9 27000Btu","og_url":"https:\/\/www.essek.com.br\/loja\/produto\/suporte-split-500mm-aco-reforcado-com-mao-francesa-18000-ate-27000btu\/","og_site_name":"Essek - Importadora e Exportadora de produtos de qualidade","article_modified_time":"2025-10-17T14:03:06+00:00","og_image":[{"width":372,"height":272,"url":"https:\/\/www.essek.com.br\/loja\/wp-content\/uploads\/2025\/09\/500PUR_01.jpg","type":"image\/jpeg"}],"twitter_card":"summary_large_image","twitter_misc":{"Est. tempo de leitura":"1 minuto"},"schema":{"@context":"https:\/\/schema.org","@graph":[{"@type":"WebPage","@id":"https:\/\/www.essek.com.br\/loja\/produto\/suporte-split-500mm-aco-reforcado-com-mao-francesa-18000-ate-27000btu\/","url":"https:\/\/www.essek.com.br\/loja\/produto\/suporte-split-500mm-aco-reforcado-com-mao-francesa-18000-ate-27000btu\/","name":"Suporte Split 500Mm A\u00e7o Refor\u00e7ado Com M\u00e3o Francesa - 18000 At\u00e9 27000Btu - Essek - Importadora e Exportadora de produtos de qualidade","isPartOf":{"@id":"https:\/\/www.essek.com.br\/loja\/#website"},"primaryImageOfPage":{"@id":"https:\/\/www.essek.com.br\/loja\/produto\/suporte-split-500mm-aco-reforcado-com-mao-francesa-18000-ate-27000btu\/#primaryimage"},"image":{"@id":"https:\/\/www.essek.com.br\/loja\/produto\/suporte-split-500mm-aco-reforcado-com-mao-francesa-18000-ate-27000btu\/#primaryimage"},"thumbnailUrl":"https:\/\/www.essek.com.br\/loja\/wp-content\/uploads\/2025\/09\/500PUR_01.jpg","datePublished":"2025-09-09T13:53:10+00:00","dateModified":"2025-10-17T14:03:06+00:00","description":"Suporte Split 500Mm A\u00e7o Refor\u00e7ado Com M\u00e3o Francesa - 18000 At\u00e9 27000Btu","breadcrumb":{"@id":"https:\/\/www.essek.com.br\/loja\/produto\/suporte-split-500mm-aco-reforcado-com-mao-francesa-18000-ate-27000btu\/#breadcrumb"},"inLanguage":"pt-BR","potentialAction":[{"@type":"ReadAction","target":["https:\/\/www.essek.com.br\/loja\/produto\/suporte-split-500mm-aco-reforcado-com-mao-francesa-18000-ate-27000btu\/"]}]},{"@type":"ImageObject","inLanguage":"pt-BR","@id":"https:\/\/www.essek.com.br\/loja\/produto\/suporte-split-500mm-aco-reforcado-com-mao-francesa-18000-ate-27000btu\/#primaryimage","url":"https:\/\/www.essek.com.br\/loja\/wp-content\/uploads\/2025\/09\/500PUR_01.jpg","contentUrl":"https:\/\/www.essek.com.br\/loja\/wp-content\/uploads\/2025\/09\/500PUR_01.jpg","width":372,"height":272},{"@type":"BreadcrumbList","@id":"https:\/\/www.essek.com.br\/loja\/produto\/suporte-split-500mm-aco-reforcado-com-mao-francesa-18000-ate-27000btu\/#breadcrumb","itemListElement":[{"@type":"ListItem","position":1,"name":"In\u00edcio","item":"https:\/\/www.essek.com.br\/loja\/"},{"@type":"ListItem","position":2,"name":"Shop","item":"https:\/\/www.essek.com.br\/loja\/shop\/"},{"@type":"ListItem","position":3,"name":"Suporte Split 500Mm A\u00e7o Refor\u00e7ado Com M\u00e3o Francesa &#8211; 18000 At\u00e9 27000Btu"}]},{"@type":"WebSite","@id":"https:\/\/www.essek.com.br\/loja\/#website","url":"https:\/\/www.essek.com.br\/loja\/","name":"Essek - Importadora e Exportadora de produtos de qualidade","description":"Importadora e Exportadora de produtos de qualidade","publisher":{"@id":"https:\/\/www.essek.com.br\/loja\/#organization"},"alternateName":"Essek","potentialAction":[{"@type":"SearchAction","target":{"@type":"EntryPoint","urlTemplate":"https:\/\/www.essek.com.br\/loja\/?s={search_term_string}"},"query-input":{"@type":"PropertyValueSpecification","valueRequired":true,"valueName":"search_term_string"}}],"inLanguage":"pt-BR"},{"@type":"Organization","@id":"https:\/\/www.essek.com.br\/loja\/#organization","name":"Essek - Importadora e Exportadora de produtos de qualidade","alternateName":"Essek","url":"https:\/\/www.essek.com.br\/loja\/","logo":{"@type":"ImageObject","inLanguage":"pt-BR","@id":"https:\/\/www.essek.com.br\/loja\/#\/schema\/logo\/image\/","url":"https:\/\/www.essek.com.br\/loja\/wp-content\/uploads\/2025\/01\/Group-205.png","contentUrl":"https:\/\/www.essek.com.br\/loja\/wp-content\/uploads\/2025\/01\/Group-205.png","width":717,"height":571,"caption":"Essek - Importadora e Exportadora de produtos de qualidade"},"image":{"@id":"https:\/\/www.essek.com.br\/loja\/#\/schema\/logo\/image\/"},"sameAs":["https:\/\/www.instagram.com\/essekcomercial\/","https:\/\/www.linkedin.com\/company\/essek-comercial"]}]}},"_links":{"self":[{"href":"https:\/\/www.essek.com.br\/loja\/wp-json\/wp\/v2\/product\/3381","targetHints":{"allow":["GET"]}}],"collection":[{"href":"https:\/\/www.essek.com.br\/loja\/wp-json\/wp\/v2\/product"}],"about":[{"href":"https:\/\/www.essek.com.br\/loja\/wp-json\/wp\/v2\/types\/product"}],"replies":[{"embeddable":true,"href":"https:\/\/www.essek.com.br\/loja\/wp-json\/wp\/v2\/comments?post=3381"}],"version-history":[{"count":1,"href":"https:\/\/www.essek.com.br\/loja\/wp-json\/wp\/v2\/product\/3381\/revisions"}],"predecessor-version":[{"id":3386,"href":"https:\/\/www.essek.com.br\/loja\/wp-json\/wp\/v2\/product\/3381\/revisions\/3386"}],"wp:featuredmedia":[{"embeddable":true,"href":"https:\/\/www.essek.com.br\/loja\/wp-json\/wp\/v2\/media\/3382"}],"wp:attachment":[{"href":"https:\/\/www.essek.com.br\/loja\/wp-json\/wp\/v2\/media?parent=3381"}],"wp:term":[{"taxonomy":"product_brand","embeddable":true,"href":"https:\/\/www.essek.com.br\/loja\/wp-json\/wp\/v2\/product_brand?post=3381"},{"taxonomy":"product_cat","embeddable":true,"href":"https:\/\/www.essek.com.br\/loja\/wp-json\/wp\/v2\/product_cat?post=3381"},{"taxonomy":"product_tag","embeddable":true,"href":"https:\/\/www.essek.com.br\/loja\/wp-json\/wp\/v2\/product_tag?post=3381"}],"curies":[{"name":"wp","href":"https:\/\/api.w.org\/{rel}","templated":true}]}}