{"id":17,"date":"2022-08-11T10:45:01","date_gmt":"2022-08-11T10:45:01","guid":{"rendered":"https:\/\/www.essek.com.br\/loja\/my-account\/"},"modified":"2025-01-27T18:26:31","modified_gmt":"2025-01-27T21:26:31","slug":"my-account","status":"publish","type":"page","link":"https:\/\/www.essek.com.br\/loja\/my-account\/","title":{"rendered":"My account"},"content":{"rendered":"\t\t<div data-elementor-type=\"wp-page\" data-elementor-id=\"17\" class=\"elementor elementor-17\" data-elementor-post-type=\"page\">\n\t\t\t\t<div class=\"elementor-element elementor-element-e87cb93 e-flex e-con-boxed e-con e-parent\" data-id=\"e87cb93\" data-element_type=\"container\">\n\t\t\t\t\t<div class=\"e-con-inner\">\n\t\t\t\t<div class=\"elementor-element elementor-element-8bb926a e-my-account-tabs-vertical elementor-widget elementor-widget-woocommerce-my-account\" data-id=\"8bb926a\" data-element_type=\"widget\" data-widget_type=\"woocommerce-my-account.default\">\n\t\t\t\t<div class=\"elementor-widget-container\">\n\t\t\t<div class=\"e-my-account-tab e-my-account-tab__ \">\t\t\t<div class=\"woocommerce\"><\/div>\t\t<\/div>\n\t\t\t\t<\/div>\n\t\t\t\t<\/div>\n\t\t\t\t\t<\/div>\n\t\t\t\t<\/div>\n\t\t\t\t<\/div>\n\t\t","protected":false},"excerpt":{"rendered":"<p>Painel de Controle Pedidos Downloads Endere\u00e7os Detalhes da conta Sair Ol\u00e1, Bruno Beuttenmuller (n\u00e3o \u00e9 Bruno Beuttenmuller? Sair) A partir do painel de controle de sua<span class=\"excerpt-hellip\"> [\u2026]<\/span><\/p>\n","protected":false},"author":1,"featured_media":0,"parent":0,"menu_order":0,"comment_status":"open","ping_status":"closed","template":"","meta":{"footnotes":""},"class_list":["post-17","page","type-page","status-publish","hentry"],"yoast_head":"<!-- This site is optimized with the Yoast SEO Premium plugin v24.1 (Yoast SEO v24.3) - https:\/\/yoast.com\/wordpress\/plugins\/seo\/ -->\n<title>My account - Essek - Importadora e Exportadora de produtos de qualidade<\/title>\n<meta name=\"robots\" content=\"index, follow, max-snippet:-1, max-image-preview:large, max-video-preview:-1\" \/>\n<link rel=\"canonical\" href=\"https:\/\/www.essek.com.br\/loja\/my-account\/\" \/>\n<meta property=\"og:locale\" content=\"pt_BR\" \/>\n<meta property=\"og:type\" content=\"article\" \/>\n<meta property=\"og:title\" content=\"My account\" \/>\n<meta property=\"og:description\" content=\"Painel de Controle Pedidos Downloads Endere\u00e7os Detalhes da conta Sair Ol\u00e1, Bruno Beuttenmuller (n\u00e3o \u00e9 Bruno Beuttenmuller? Sair) A partir do painel de controle de sua [\u2026]\" \/>\n<meta property=\"og:url\" content=\"https:\/\/www.essek.com.br\/loja\/my-account\/\" \/>\n<meta property=\"og:site_name\" content=\"Essek - Importadora e Exportadora de produtos de qualidade\" \/>\n<meta property=\"article:modified_time\" content=\"2025-01-27T21:26:31+00:00\" \/>\n<meta name=\"twitter:card\" content=\"summary_large_image\" \/>\n<meta name=\"twitter:label1\" content=\"Est. tempo de leitura\" \/>\n\t<meta name=\"twitter:data1\" content=\"2 minutos\" \/>\n<script type=\"application\/ld+json\" class=\"yoast-schema-graph\">{\"@context\":\"https:\/\/schema.org\",\"@graph\":[{\"@type\":\"WebPage\",\"@id\":\"https:\/\/www.essek.com.br\/loja\/my-account\/\",\"url\":\"https:\/\/www.essek.com.br\/loja\/my-account\/\",\"name\":\"My account - Essek - Importadora e Exportadora de produtos de qualidade\",\"isPartOf\":{\"@id\":\"https:\/\/www.essek.com.br\/loja\/#website\"},\"datePublished\":\"2022-08-11T10:45:01+00:00\",\"dateModified\":\"2025-01-27T21:26:31+00:00\",\"breadcrumb\":{\"@id\":\"https:\/\/www.essek.com.br\/loja\/my-account\/#breadcrumb\"},\"inLanguage\":\"pt-BR\",\"potentialAction\":[{\"@type\":\"ReadAction\",\"target\":[\"https:\/\/www.essek.com.br\/loja\/my-account\/\"]}]},{\"@type\":\"BreadcrumbList\",\"@id\":\"https:\/\/www.essek.com.br\/loja\/my-account\/#breadcrumb\",\"itemListElement\":[{\"@type\":\"ListItem\",\"position\":1,\"name\":\"In\u00edcio\",\"item\":\"https:\/\/www.essek.com.br\/loja\/\"},{\"@type\":\"ListItem\",\"position\":2,\"name\":\"My account\"}]},{\"@type\":\"WebSite\",\"@id\":\"https:\/\/www.essek.com.br\/loja\/#website\",\"url\":\"https:\/\/www.essek.com.br\/loja\/\",\"name\":\"Essek - Importadora e Exportadora de produtos de qualidade\",\"description\":\"Importadora e Exportadora de produtos de qualidade\",\"publisher\":{\"@id\":\"https:\/\/www.essek.com.br\/loja\/#organization\"},\"alternateName\":\"Essek\",\"potentialAction\":[{\"@type\":\"SearchAction\",\"target\":{\"@type\":\"EntryPoint\",\"urlTemplate\":\"https:\/\/www.essek.com.br\/loja\/?s={search_term_string}\"},\"query-input\":{\"@type\":\"PropertyValueSpecification\",\"valueRequired\":true,\"valueName\":\"search_term_string\"}}],\"inLanguage\":\"pt-BR\"},{\"@type\":\"Organization\",\"@id\":\"https:\/\/www.essek.com.br\/loja\/#organization\",\"name\":\"Essek - Importadora e Exportadora de produtos de qualidade\",\"alternateName\":\"Essek\",\"url\":\"https:\/\/www.essek.com.br\/loja\/\",\"logo\":{\"@type\":\"ImageObject\",\"inLanguage\":\"pt-BR\",\"@id\":\"https:\/\/www.essek.com.br\/loja\/#\/schema\/logo\/image\/\",\"url\":\"https:\/\/www.essek.com.br\/loja\/wp-content\/uploads\/2025\/01\/Group-205.png\",\"contentUrl\":\"https:\/\/www.essek.com.br\/loja\/wp-content\/uploads\/2025\/01\/Group-205.png\",\"width\":717,\"height\":571,\"caption\":\"Essek - Importadora e Exportadora de produtos de qualidade\"},\"image\":{\"@id\":\"https:\/\/www.essek.com.br\/loja\/#\/schema\/logo\/image\/\"},\"sameAs\":[\"https:\/\/www.instagram.com\/essekcomercial\/\",\"https:\/\/www.linkedin.com\/company\/essek-comercial\"]}]}<\/script>\n<!-- \/ Yoast SEO Premium plugin. -->","yoast_head_json":{"title":"My account - Essek - Importadora e Exportadora de produtos de qualidade","robots":{"index":"index","follow":"follow","max-snippet":"max-snippet:-1","max-image-preview":"max-image-preview:large","max-video-preview":"max-video-preview:-1"},"canonical":"https:\/\/www.essek.com.br\/loja\/my-account\/","og_locale":"pt_BR","og_type":"article","og_title":"My account","og_description":"Painel de Controle Pedidos Downloads Endere\u00e7os Detalhes da conta Sair Ol\u00e1, Bruno Beuttenmuller (n\u00e3o \u00e9 Bruno Beuttenmuller? Sair) A partir do painel de controle de sua [\u2026]","og_url":"https:\/\/www.essek.com.br\/loja\/my-account\/","og_site_name":"Essek - Importadora e Exportadora de produtos de qualidade","article_modified_time":"2025-01-27T21:26:31+00:00","twitter_card":"summary_large_image","twitter_misc":{"Est. tempo de leitura":"2 minutos"},"schema":{"@context":"https:\/\/schema.org","@graph":[{"@type":"WebPage","@id":"https:\/\/www.essek.com.br\/loja\/my-account\/","url":"https:\/\/www.essek.com.br\/loja\/my-account\/","name":"My account - Essek - Importadora e Exportadora de produtos de qualidade","isPartOf":{"@id":"https:\/\/www.essek.com.br\/loja\/#website"},"datePublished":"2022-08-11T10:45:01+00:00","dateModified":"2025-01-27T21:26:31+00:00","breadcrumb":{"@id":"https:\/\/www.essek.com.br\/loja\/my-account\/#breadcrumb"},"inLanguage":"pt-BR","potentialAction":[{"@type":"ReadAction","target":["https:\/\/www.essek.com.br\/loja\/my-account\/"]}]},{"@type":"BreadcrumbList","@id":"https:\/\/www.essek.com.br\/loja\/my-account\/#breadcrumb","itemListElement":[{"@type":"ListItem","position":1,"name":"In\u00edcio","item":"https:\/\/www.essek.com.br\/loja\/"},{"@type":"ListItem","position":2,"name":"My account"}]},{"@type":"WebSite","@id":"https:\/\/www.essek.com.br\/loja\/#website","url":"https:\/\/www.essek.com.br\/loja\/","name":"Essek - Importadora e Exportadora de produtos de qualidade","description":"Importadora e Exportadora de produtos de qualidade","publisher":{"@id":"https:\/\/www.essek.com.br\/loja\/#organization"},"alternateName":"Essek","potentialAction":[{"@type":"SearchAction","target":{"@type":"EntryPoint","urlTemplate":"https:\/\/www.essek.com.br\/loja\/?s={search_term_string}"},"query-input":{"@type":"PropertyValueSpecification","valueRequired":true,"valueName":"search_term_string"}}],"inLanguage":"pt-BR"},{"@type":"Organization","@id":"https:\/\/www.essek.com.br\/loja\/#organization","name":"Essek - Importadora e Exportadora de produtos de qualidade","alternateName":"Essek","url":"https:\/\/www.essek.com.br\/loja\/","logo":{"@type":"ImageObject","inLanguage":"pt-BR","@id":"https:\/\/www.essek.com.br\/loja\/#\/schema\/logo\/image\/","url":"https:\/\/www.essek.com.br\/loja\/wp-content\/uploads\/2025\/01\/Group-205.png","contentUrl":"https:\/\/www.essek.com.br\/loja\/wp-content\/uploads\/2025\/01\/Group-205.png","width":717,"height":571,"caption":"Essek - Importadora e Exportadora de produtos de qualidade"},"image":{"@id":"https:\/\/www.essek.com.br\/loja\/#\/schema\/logo\/image\/"},"sameAs":["https:\/\/www.instagram.com\/essekcomercial\/","https:\/\/www.linkedin.com\/company\/essek-comercial"]}]}},"_links":{"self":[{"href":"https:\/\/www.essek.com.br\/loja\/wp-json\/wp\/v2\/pages\/17","targetHints":{"allow":["GET"]}}],"collection":[{"href":"https:\/\/www.essek.com.br\/loja\/wp-json\/wp\/v2\/pages"}],"about":[{"href":"https:\/\/www.essek.com.br\/loja\/wp-json\/wp\/v2\/types\/page"}],"author":[{"embeddable":true,"href":"https:\/\/www.essek.com.br\/loja\/wp-json\/wp\/v2\/users\/1"}],"replies":[{"embeddable":true,"href":"https:\/\/www.essek.com.br\/loja\/wp-json\/wp\/v2\/comments?post=17"}],"version-history":[{"count":24,"href":"https:\/\/www.essek.com.br\/loja\/wp-json\/wp\/v2\/pages\/17\/revisions"}],"predecessor-version":[{"id":808,"href":"https:\/\/www.essek.com.br\/loja\/wp-json\/wp\/v2\/pages\/17\/revisions\/808"}],"wp:attachment":[{"href":"https:\/\/www.essek.com.br\/loja\/wp-json\/wp\/v2\/media?parent=17"}],"curies":[{"name":"wp","href":"https:\/\/api.w.org\/{rel}","templated":true}]}}